{"id":39,"date":"2025-09-18T22:32:48","date_gmt":"2025-09-18T22:32:48","guid":{"rendered":"https:\/\/ilbocconcino.eu\/?page_id=39"},"modified":"2025-09-29T12:40:38","modified_gmt":"2025-09-29T12:40:38","slug":"sobre-nos","status":"publish","type":"page","link":"https:\/\/ilbocconcino.eu\/es\/sobre-nos\/","title":{"rendered":"Sobre nosotros"},"content":{"rendered":"<h2 class=\"wp-block-heading\">IL BOCCONCINO<br>Non abbiamo clienti. Abbiamo cugini.<\/h2>\n\n\n\n<p>Llevamos la Italia buena, la de verdad, hasta tu casa. O mejor dicho, hasta tu restaurante. Producimos fior di latte y burrata en Alicante y Lisboa, importamos lo mejor de Italia y lo distribuimos por Espa\u00f1a y Portugal con nuestras propias furgonetas, almacenes y sonrisas.<\/p>\n\n\n\n<p>Quesos, embutidos, harinas, conservas, pasta, tomate, vino, cerveza, agua y refrescos: si es italiano y est\u00e1 bueno, lo tenemos. Y si no lo tenemos, lo encontramos.\nTenemos casi 1.000 referencias, una red comercial muy presente y respondemos por WhatsApp antes de que termines de escribir \u201chola\u201d.<\/p>\n\n\n\n<p>Nacimos en 2021 y crecemos r\u00e1pido gracias a tres cosas: calidad, profesionalidad y una buena dosis de dinamismo diario (o sea: vamos r\u00e1pido y nos adaptamos m\u00e1s r\u00e1pido a\u00fan).\nEntregamos en Lisboa, Oporto, Algarve, Barcelona. Como lo har\u00edas t\u00fa: con cuidado, flexibilidad y una sonrisa.<\/p>\n\n\n\n<p>A <strong>IL BOCCONCINO<\/strong> es una empresa B2B, pero no hablamos \u201ccorporativo\u201d: hablamos el idioma de la cocina, de la gente y del olor a pizza caliente y mozzarella reci\u00e9n hecha.\nHacemos eventos, ferias, visitas y sobre todo... consegne in famiglia.<br>Fazemos eventos, feiras, visitas e, acima de tudo\u2026 consegne in famiglia.<\/p>","protected":false},"excerpt":{"rendered":"<p>IL BOCCONCINONon abbiamo clienti. Abbiamo cugini. Trazemos a verdadeira It\u00e1lia de qualidade at\u00e9 si. Ou melhor, at\u00e9 ao seu restaurante. Produzimos fior di latte e burrata em Alicante e Lisboa, importamos o melhor de It\u00e1lia e distribu\u00edmos por Espanha e Portugal com as nossas pr\u00f3prias carrinhas, usando os nossos armaz\u00e9ns e\u2026 aquele sorriso familiar. Queijos, [&hellip;]<\/p>\n","protected":false},"author":1,"featured_media":0,"parent":0,"menu_order":0,"comment_status":"closed","ping_status":"closed","template":"template-sobre.php","meta":{"_acf_changed":false,"footnotes":""},"class_list":["post-39","page","type-page","status-publish","hentry"],"acf":[],"_links":{"self":[{"href":"https:\/\/ilbocconcino.eu\/es\/wp-json\/wp\/v2\/pages\/39","targetHints":{"allow":["GET"]}}],"collection":[{"href":"https:\/\/ilbocconcino.eu\/es\/wp-json\/wp\/v2\/pages"}],"about":[{"href":"https:\/\/ilbocconcino.eu\/es\/wp-json\/wp\/v2\/types\/page"}],"author":[{"embeddable":true,"href":"https:\/\/ilbocconcino.eu\/es\/wp-json\/wp\/v2\/users\/1"}],"replies":[{"embeddable":true,"href":"https:\/\/ilbocconcino.eu\/es\/wp-json\/wp\/v2\/comments?post=39"}],"version-history":[{"count":6,"href":"https:\/\/ilbocconcino.eu\/es\/wp-json\/wp\/v2\/pages\/39\/revisions"}],"predecessor-version":[{"id":939,"href":"https:\/\/ilbocconcino.eu\/es\/wp-json\/wp\/v2\/pages\/39\/revisions\/939"}],"wp:attachment":[{"href":"https:\/\/ilbocconcino.eu\/es\/wp-json\/wp\/v2\/media?parent=39"}],"curies":[{"name":"wp","href":"https:\/\/api.w.org\/{rel}","templated":true}]}}