{"id":47,"date":"2025-09-18T22:33:48","date_gmt":"2025-09-18T22:33:48","guid":{"rendered":"https:\/\/ilbocconcino.eu\/?page_id=47"},"modified":"2025-10-05T23:00:17","modified_gmt":"2025-10-05T23:00:17","slug":"livro-de-reclamacoes","status":"publish","type":"page","link":"https:\/\/ilbocconcino.eu\/es\/livro-de-reclamacoes\/","title":{"rendered":"Libro de reclamaciones"},"content":{"rendered":"<p>A plataforma Livro de Reclama\u00e7\u00f5es \u00e9 o Livro de Reclama\u00e7\u00f5es em formato eletr\u00f3nico, \u00e9 uma medida do programa \u201cSIMPLEX + 2016\u201d que envolve a Dire\u00e7\u00e3o-Geral do Consumidor e as entidades reguladoras dos v\u00e1rios setores de atividade.<\/p>\n\n\n\n<p>Pode apresentar a sua reclama\u00e7\u00e3o e\/ou solicitar informa\u00e7\u00f5es sobre quest\u00f5es relacionadas com os servi\u00e7os p\u00fablicos essenciais (eletricidade, g\u00e1s natural, \u00e1guas e res\u00edduos, comunica\u00e7\u00f5es eletr\u00f3nicas e servi\u00e7os postais) e diversos outros setores da atividade econ\u00f3mica.<\/p>\n\n\n\n<p>Saiba mais em <a href=\"https:\/\/www.livroreclamacoes.pt\">https:\/\/www.livroreclamacoes.pt<\/a>.<\/p>","protected":false},"excerpt":{"rendered":"<p>A plataforma Livro de Reclama\u00e7\u00f5es \u00e9 o Livro de Reclama\u00e7\u00f5es em formato eletr\u00f3nico, \u00e9 uma medida do programa \u201cSIMPLEX + 2016\u201d que envolve a Dire\u00e7\u00e3o-Geral do Consumidor e as entidades reguladoras dos v\u00e1rios setores de atividade. Pode apresentar a sua reclama\u00e7\u00e3o e\/ou solicitar informa\u00e7\u00f5es sobre quest\u00f5es relacionadas com os servi\u00e7os p\u00fablicos essenciais (eletricidade, g\u00e1s natural, [&hellip;]<\/p>\n","protected":false},"author":1,"featured_media":0,"parent":0,"menu_order":0,"comment_status":"closed","ping_status":"closed","template":"template-simple.php","meta":{"_acf_changed":false,"footnotes":""},"class_list":["post-47","page","type-page","status-publish","hentry"],"acf":[],"_links":{"self":[{"href":"https:\/\/ilbocconcino.eu\/es\/wp-json\/wp\/v2\/pages\/47","targetHints":{"allow":["GET"]}}],"collection":[{"href":"https:\/\/ilbocconcino.eu\/es\/wp-json\/wp\/v2\/pages"}],"about":[{"href":"https:\/\/ilbocconcino.eu\/es\/wp-json\/wp\/v2\/types\/page"}],"author":[{"embeddable":true,"href":"https:\/\/ilbocconcino.eu\/es\/wp-json\/wp\/v2\/users\/1"}],"replies":[{"embeddable":true,"href":"https:\/\/ilbocconcino.eu\/es\/wp-json\/wp\/v2\/comments?post=47"}],"version-history":[{"count":2,"href":"https:\/\/ilbocconcino.eu\/es\/wp-json\/wp\/v2\/pages\/47\/revisions"}],"predecessor-version":[{"id":131,"href":"https:\/\/ilbocconcino.eu\/es\/wp-json\/wp\/v2\/pages\/47\/revisions\/131"}],"wp:attachment":[{"href":"https:\/\/ilbocconcino.eu\/es\/wp-json\/wp\/v2\/media?parent=47"}],"curies":[{"name":"wp","href":"https:\/\/api.w.org\/{rel}","templated":true}]}}