{"id":51,"date":"2025-09-18T22:34:14","date_gmt":"2025-09-18T22:34:14","guid":{"rendered":"https:\/\/ilbocconcino.eu\/?page_id=51"},"modified":"2025-10-05T23:00:13","modified_gmt":"2025-10-05T23:00:13","slug":"politica-de-cookies","status":"publish","type":"page","link":"https:\/\/ilbocconcino.eu\/es\/politica-de-cookies\/","title":{"rendered":"Pol\u00edtica de cookies"},"content":{"rendered":"<h2 class=\"wp-block-heading\">O que s\u00e3o cookies?<\/h2>\n\n\n\n<p>Os cookies t\u00eam como objetivo otimizar a utiliza\u00e7\u00e3o e funcionalidade dos nossos sites, entender melhor o comportamento dos visitantes nos nossos sites e identificar as ferramentas e os servi\u00e7os que estes oferecem. O armazenamento de cookies no seu computador constitui uma forma f\u00e1cil e conveniente de personalizar ou melhorar a sua experi\u00eancia nos nossos sites, bem como para tornar mais agrad\u00e1vel a sua visita. N\u00e3o nos servimos dos cookies para a recolha de informa\u00e7\u00f5es pessoais como, por exemplo, o seu nome; no entanto, podemos ligar informa\u00e7\u00f5es contidas num cookie a informa\u00e7\u00f5es pessoais suas recolhidas por outros meios (ex., inscri\u00e7\u00e3o de sites em geral).<\/p>\n\n\n\n<h2 class=\"wp-block-heading\">Quais os tipos de cookies utilizados?<\/h2>\n\n\n\n<p>Existem dois grupos cookies que podem ser utilizados:<\/p>\n\n\n\n<p><strong>Cookies permanentes<\/strong> &#8211; s\u00e3o cookies que ficam armazenados ao n\u00edvel do browser nos equipamentos de acesso (PC, mobile e tablet) e que s\u00e3o utilizados sempre que faz uma nova visita ao nosso site. S\u00e3o utilizados, geralmente, para direcionar a navega\u00e7\u00e3o aos interesses do utilizador, permitindo prestar um servi\u00e7o mais personalizado.<\/p>\n\n\n\n<p><strong>Cookies de sess\u00e3o<\/strong> &#8211; s\u00e3o cookies tempor\u00e1rios que permanecem no arquivo de cookies do browser at\u00e9 sair do website. A informa\u00e7\u00e3o obtida por estes cookies serve para analisar padr\u00f5es de tr\u00e1fego na web, permitindo identificar problemas e fornecer uma melhor experiencia de navega\u00e7\u00e3o.<\/p>\n\n\n\n<p>Os cookies t\u00eam como objetivo otimizar a utiliza\u00e7\u00e3o e funcionalidade dos nossos sites, entender melhor o comportamento dos visitantes nos nossos sites e identificar as ferramentas e os servi\u00e7os que estes oferecem. O armazenamento de cookies no seu computador constitui uma forma f\u00e1cil e conveniente de personalizar ou melhorar a sua experi\u00eancia nos nossos sites, bem como para tornar mais agrad\u00e1vel a sua visita. N\u00e3o nos servimos dos cookies para a recolha de informa\u00e7\u00f5es pessoais como, por exemplo, o seu nome; no entanto, podemos ligar informa\u00e7\u00f5es contidas num cookie a informa\u00e7\u00f5es pessoais suas recolhidas por outros meios (ex., inscri\u00e7\u00e3o de sites em geral).<\/p>\n\n\n\n<h2 class=\"wp-block-heading\">Para que fins utilizamos cookies?<\/h2>\n\n\n\n<p>Existem dois grupos cookies que podem ser utilizados:<\/p>\n\n\n\n<p><strong>Cookies estritamente necess\u00e1rios<\/strong> &#8211; Permitem a navega\u00e7\u00e3o no website e utiliza\u00e7\u00e3o das aplica\u00e7\u00f5es, bem como aceder a \u00e1reas seguras do website. Sem estes cookies, os servi\u00e7os requeridos n\u00e3o podem ser prestados.<\/p>\n\n\n\n<p><strong>Cookies anal\u00edticos<\/strong> &#8211; S\u00e3o utilizados anonimamente para efeitos de cria\u00e7\u00e3o e an\u00e1lise de estat\u00edsticas, no sentido de melhorar o funcionamento do website.<\/p>\n\n\n\n<p><strong>Cookies de funcionalidade<\/strong> &#8211; Guardam as prefer\u00eancias do utilizador relativamente \u00e0 utiliza\u00e7\u00e3o do site, para que n\u00e3o seja necess\u00e1rio voltar a configurar o site cada vez que o visita.<\/p>\n\n\n\n<p><strong>Cookies de terceiros <\/strong>&#8211; Medem o sucesso de aplica\u00e7\u00f5es e a efic\u00e1cia da publicidade de terceiros. Podem tamb\u00e9m ser utilizados no sentido de personalizar um widget com dados do utilizador.<\/p>\n\n\n\n<p><strong>Cookies de publicidade<\/strong> &#8211; Direcionam a publicidade em fun\u00e7\u00e3o dos interesses de cada utilizador, por forma a direcionar as campanhas publicit\u00e1rias tendo em conta os gostos dos utilizadores, sendo que, al\u00e9m disso, limitam a quantidade de vezes que v\u00ea o an\u00fancio, ajudando a medir a efic\u00e1cia da publicidade e o sucesso da organiza\u00e7\u00e3o do website.<\/p>\n\n\n\n<p>Os cookies t\u00eam como objetivo otimizar a utiliza\u00e7\u00e3o e funcionalidade dos nossos sites, entender melhor o comportamento dos visitantes nos nossos sites e identificar as ferramentas e os servi\u00e7os que estes oferecem. O armazenamento de cookies no seu computador constitui uma forma f\u00e1cil e conveniente de personalizar ou melhorar a sua experi\u00eancia nos nossos sites, bem como para tornar mais agrad\u00e1vel a sua visita. N\u00e3o nos servimos dos cookies para a recolha de informa\u00e7\u00f5es pessoais como, por exemplo, o seu nome; no entanto, podemos ligar informa\u00e7\u00f5es contidas num cookie a informa\u00e7\u00f5es pessoais suas recolhidas por outros meios (ex., inscri\u00e7\u00e3o de sites em geral).<\/p>\n\n\n\n<h2 class=\"wp-block-heading\">Como posso bloquear o uso de cookies?<\/h2>\n\n\n\n<p>A qualquer altura, poder\u00e1 efetuar altera\u00e7\u00f5es \u00e0s configura\u00e7\u00f5es dos seus cookies. Deve, para tal, seguir as instru\u00e7\u00f5es apresentadas abaixo. Ao desativar os cookies o site pode n\u00e3o funcionar corretamente. Como pode ativar e desativar os cookies no navegador de internet (browser).<\/p>\n\n\n\n<p><strong>Google Chrome<\/strong><\/p>\n\n\n\n<p>O utilizador tem controlo total sobre as permiss\u00f5es de cookies no Google Chrome. Por pr\u00e9-defini\u00e7\u00e3o, s\u00e3o permitidos todos os cookies, mas pode ajustar esta defini\u00e7\u00e3o. Se os cookies tiverem sido definidos ou bloqueados na p\u00e1gina que estiver a visualizar, \u00e9 apresentado um \u00edcone no final da barra de endere\u00e7o.<\/p>\n\n\n\n<p>Clique no menu do Chrome na barra de ferramentas<\/p>\n\n\n\n<p>Selecione \u201cDefini\u00e7\u00f5es\u201d<\/p>\n\n\n\n<p>Clique em \u201cMostrar defini\u00e7\u00f5es avan\u00e7adas\u201d<\/p>\n\n\n\n<p>Na sec\u00e7\u00e3o \u201cPrivacidade\u201d, clique no bot\u00e3o \u201cDefini\u00e7\u00f5es de conte\u00fado\u201d<\/p>\n\n\n\n<p>Selecione a op\u00e7\u00e3o \u201cBloquear defini\u00e7\u00e3o dos dados por parte dos sites\u201d<\/p>\n\n\n\n<p>Pode alterar as seguintes defini\u00e7\u00f5es de cookies na sec\u00e7\u00e3o \u201cCookies\u201d:<\/p>\n\n\n\n<ul class=\"wp-block-list\">\n<li>Eliminar cookies<\/li>\n\n\n\n<li>Bloquear cookies por pr\u00e9-defini\u00e7\u00e3o<\/li>\n\n\n\n<li>Permitir cookies por pr\u00e9-defini\u00e7\u00e3o<\/li>\n\n\n\n<li>Manter cookies e dados do website por pr\u00e9-defini\u00e7\u00e3o at\u00e9 sair do navegador<\/li>\n\n\n\n<li>Criar exce\u00e7\u00f5es para cookies de websites ou dom\u00ednios espec\u00edficos<\/li>\n<\/ul>\n\n\n\n<p>Nota: Existem v\u00e1rios n\u00edveis de ativa\u00e7\u00e3o e desativa\u00e7\u00e3o de cookies no Google Chrome.<\/p>\n\n\n\n<p>Para mais informa\u00e7\u00f5es sobre defini\u00e7\u00f5es de cookies no Google Chrome, <a href=\"http:\/\/support.google.com\/chrome\/bin\/answer.py?hl=pt&amp;answer=95647&amp;topic=14666&amp;ctx=topic\" data-type=\"link\" data-id=\"http:\/\/support.google.com\/chrome\/bin\/answer.py?hl=pt&amp;answer=95647&amp;topic=14666&amp;ctx=topic\">consulte esta p\u00e1gina<\/a>.<\/p>\n\n\n\n<p><strong>Internet Explorer<\/strong><\/p>\n\n\n\n<p>Para desativar todos os cookies no Internet Explorer:<\/p>\n\n\n\n<ul class=\"wp-block-list\">\n<li>Clique no menu \u201cFerramentas\u201d e escolha a op\u00e7\u00e3o \u201cOp\u00e7\u00f5es de Internet\u201d<\/li>\n\n\n\n<li>Selecione o separador \u201cPrivacidade\u201d<\/li>\n\n\n\n<li>Mova a barra para o topo, onde surgir\u00e1 \u201cBloquear todos os cookies\u201d<\/li>\n<\/ul>\n\n\n\n<p>Nota: Existem v\u00e1rios n\u00edveis de ativa\u00e7\u00e3o e desativa\u00e7\u00e3o de cookies no Internet Explorer. Para mais informa\u00e7\u00f5es sobre defini\u00e7\u00f5es de cookies Internet Explorer, <a href=\"http:\/\/windows.microsoft.com\/pt-PT\/windows-vista\/Block-or-allow-cookies\" data-type=\"link\" data-id=\"http:\/\/windows.microsoft.com\/pt-PT\/windows-vista\/Block-or-allow-cookies\">consulte a p\u00e1gina da Microsoft<\/a>.<\/p>\n\n\n\n<p><strong>Mozilla Firefox<\/strong><\/p>\n\n\n\n<p>Para desativar todos os cookies no Mozilla Firefox:<\/p>\n\n\n\n<ul class=\"wp-block-list\">\n<li>Clique no menu \u201cFerramentas\u201d<\/li>\n\n\n\n<li>Selecione \u201cOp\u00e7\u00f5es\u201d<\/li>\n\n\n\n<li>Clique no \u00edcone \u201cPrivacidade\u201d, que encontra no painel superior<\/li>\n\n\n\n<li>Na sec\u00e7\u00e3o \u201cCookies\u201d desative a op\u00e7\u00e3o \u201cAceitar cookies dos sites\u201d<\/li>\n\n\n\n<li>Clique em \u201cOK\u201d para guardar as altera\u00e7\u00f5es e fechar<\/li>\n<\/ul>\n\n\n\n<p>Nota: Existem v\u00e1rios n\u00edveis de ativa\u00e7\u00e3o e desativa\u00e7\u00e3o de cookies no Mozilla Firefox. Para mais informa\u00e7\u00f5es sobre defini\u00e7\u00f5es de cookies no Mozilla Firefox, <a href=\"http:\/\/support.mozilla.org\/pt-PT\/kb\/Activar%20e%20Desactivar%20cookies?redirectlocale=en-US&amp;redirectslug=Enabling+and+disabling+cookies\" data-type=\"link\" data-id=\"http:\/\/support.mozilla.org\/pt-PT\/kb\/Activar%20e%20Desactivar%20cookies?redirectlocale=en-US&amp;redirectslug=Enabling+and+disabling+cookies\">consulte esta p\u00e1gina<\/a>.<\/p>\n\n\n\n<p><strong>Safari<\/strong><\/p>\n\n\n\n<p>Para desativar todos os cookies no Safari:<\/p>\n\n\n\n<ul class=\"wp-block-list\">\n<li>Clique em \u201cEditar\u201d<\/li>\n\n\n\n<li>Selecione \u201cPrefer\u00eancias\u201d<\/li>\n\n\n\n<li>No painel superior, selecione o \u00edcone \u201cPrivacidade\u201d<\/li>\n\n\n\n<li>Na sec\u00e7\u00e3o \u201cAceitar cookies\u201d, selecione \u201cNunca\u201d<\/li>\n<\/ul>\n\n\n\n<p>Nota: Existem v\u00e1rios n\u00edveis de ativa\u00e7\u00e3o e desativa\u00e7\u00e3o de cookies no Safari. Para mais informa\u00e7\u00f5es sobre defini\u00e7\u00f5es de cookies no Safari, <a href=\"http:\/\/support.apple.com\/kb\/HT1677?viewlocale=pt_PT\" data-type=\"link\" data-id=\"http:\/\/support.apple.com\/kb\/HT1677?viewlocale=pt_PT\">consulte esta p\u00e1gina<\/a>.<\/p>\n\n\n\n<p><strong>Todos os outros navegadores de internet (browsers)<\/strong><\/p>\n\n\n\n<p>Por favor, procure no menu \u201cajuda\u201d do navegador (browser) ou contacte o fornecedor do navegador (browser).<\/p>","protected":false},"excerpt":{"rendered":"<p>O que s\u00e3o cookies? Os cookies t\u00eam como objetivo otimizar a utiliza\u00e7\u00e3o e funcionalidade dos nossos sites, entender melhor o comportamento dos visitantes nos nossos sites e identificar as ferramentas e os servi\u00e7os que estes oferecem. O armazenamento de cookies no seu computador constitui uma forma f\u00e1cil e conveniente de personalizar ou melhorar a sua [&hellip;]<\/p>\n","protected":false},"author":1,"featured_media":0,"parent":0,"menu_order":0,"comment_status":"closed","ping_status":"closed","template":"template-simple.php","meta":{"_acf_changed":false,"footnotes":""},"class_list":["post-51","page","type-page","status-publish","hentry"],"acf":[],"_links":{"self":[{"href":"https:\/\/ilbocconcino.eu\/es\/wp-json\/wp\/v2\/pages\/51","targetHints":{"allow":["GET"]}}],"collection":[{"href":"https:\/\/ilbocconcino.eu\/es\/wp-json\/wp\/v2\/pages"}],"about":[{"href":"https:\/\/ilbocconcino.eu\/es\/wp-json\/wp\/v2\/types\/page"}],"author":[{"embeddable":true,"href":"https:\/\/ilbocconcino.eu\/es\/wp-json\/wp\/v2\/users\/1"}],"replies":[{"embeddable":true,"href":"https:\/\/ilbocconcino.eu\/es\/wp-json\/wp\/v2\/comments?post=51"}],"version-history":[{"count":2,"href":"https:\/\/ilbocconcino.eu\/es\/wp-json\/wp\/v2\/pages\/51\/revisions"}],"predecessor-version":[{"id":143,"href":"https:\/\/ilbocconcino.eu\/es\/wp-json\/wp\/v2\/pages\/51\/revisions\/143"}],"wp:attachment":[{"href":"https:\/\/ilbocconcino.eu\/es\/wp-json\/wp\/v2\/media?parent=51"}],"curies":[{"name":"wp","href":"https:\/\/api.w.org\/{rel}","templated":true}]}}